{"id":3698,"date":"2023-10-11T18:54:26","date_gmt":"2023-10-12T00:54:26","guid":{"rendered":"https:\/\/asociacionpasmo.org\/?page_id=3698"},"modified":"2023-11-02T09:41:13","modified_gmt":"2023-11-02T15:41:13","slug":"nuestra-estructura-inicio","status":"publish","type":"page","link":"http:\/\/asociacionpasmo.org\/en\/nuestra-estructura-inicio\/","title":{"rendered":"Nuestra Estructura Inicio"},"content":{"rendered":"<div data-elementor-type=\"wp-page\" data-elementor-id=\"3698\" class=\"elementor elementor-3698\" data-elementor-post-type=\"page\">\n\t\t\t\t\t\t<section class=\"elementor-section elementor-top-section elementor-element elementor-element-9da756f elementor-section-full_width elementor-section-height-default elementor-section-height-default\" data-id=\"9da756f\" data-element_type=\"section\" data-settings=\"{&quot;background_background&quot;:&quot;classic&quot;}\">\n\t\t\t\t\t\t<div class=\"elementor-container elementor-column-gap-default\">\n\t\t\t\t\t<div class=\"elementor-column elementor-col-100 elementor-top-column elementor-element elementor-element-b9427ad\" data-id=\"b9427ad\" data-element_type=\"column\">\n\t\t\t<div class=\"elementor-widget-wrap elementor-element-populated\">\n\t\t\t\t\t\t<div class=\"elementor-element elementor-element-f282df4 elementor-widget elementor-widget-heading\" data-id=\"f282df4\" data-element_type=\"widget\" data-widget_type=\"heading.default\">\n\t\t\t\t<div class=\"elementor-widget-container\">\n\t\t\t\t\t<h2 class=\"elementor-heading-title elementor-size-default\">Our <strong>Estructura<\/strong><\/h2>\t\t\t\t<\/div>\n\t\t\t\t<\/div>\n\t\t\t\t<div class=\"elementor-element elementor-element-3429c6b elementor-widget elementor-widget-text-editor\" data-id=\"3429c6b\" data-element_type=\"widget\" data-widget_type=\"text-editor.default\">\n\t\t\t\t<div class=\"elementor-widget-container\">\n\t\t\t\t\t\t\t\t\t<p>Con m\u00e1s de 25 a\u00f1os de presencia en Centroam\u00e9rica, Asociaci\u00f3n PASMO cuenta con un plan de gobernanza y una robusta estructura organizacional a nivel regional y local. <br \/>Conoce m\u00e1s de nuestro trabajo y contribuci\u00f3n a mejorar vidas centroamericanas.<\/p>\t\t\t\t\t\t\t\t<\/div>\n\t\t\t\t<\/div>\n\t\t\t\t<div class=\"elementor-element elementor-element-52c8bb2 elementor-align-center elementor-widget elementor-widget-button\" data-id=\"52c8bb2\" data-element_type=\"widget\" data-widget_type=\"button.default\">\n\t\t\t\t<div class=\"elementor-widget-container\">\n\t\t\t\t\t\t\t\t\t<div class=\"elementor-button-wrapper\">\n\t\t\t\t\t<a class=\"elementor-button elementor-button-link elementor-size-sm\" href=\"http:\/\/asociacionpasmo.org\/wp-content\/uploads\/2023\/08\/perfil-pasmo-2021-2022-1_compressed.pdf\" target=\"_blank\">\n\t\t\t\t\t\t<span class=\"elementor-button-content-wrapper\">\n\t\t\t\t\t\t\t\t\t<span class=\"elementor-button-text\">Learn more<\/span>\n\t\t\t\t\t<\/span>\n\t\t\t\t\t<\/a>\n\t\t\t\t<\/div>\n\t\t\t\t\t\t\t\t<\/div>\n\t\t\t\t<\/div>\n\t\t\t\t\t<\/div>\n\t\t<\/div>\n\t\t\t\t\t<\/div>\n\t\t<\/section>\n\t\t\t\t<section class=\"elementor-section elementor-top-section elementor-element elementor-element-ad1d152 elementor-section-boxed elementor-section-height-default elementor-section-height-default\" data-id=\"ad1d152\" data-element_type=\"section\">\n\t\t\t\t\t\t<div class=\"elementor-container elementor-column-gap-default\">\n\t\t\t\t\t<div class=\"elementor-column elementor-col-33 elementor-top-column elementor-element elementor-element-7d3b96b\" data-id=\"7d3b96b\" data-element_type=\"column\">\n\t\t\t<div class=\"elementor-widget-wrap elementor-element-populated\">\n\t\t\t\t\t\t<div class=\"elementor-element elementor-element-50efba8 elementor-widget elementor-widget-image\" data-id=\"50efba8\" data-element_type=\"widget\" data-widget_type=\"image.default\">\n\t\t\t\t<div class=\"elementor-widget-container\">\n\t\t\t\t\t\t\t\t\t\t\t\t\t\t\t<img fetchpriority=\"high\" decoding=\"async\" width=\"473\" height=\"393\" src=\"https:\/\/asociacionpasmo.org\/wp-content\/uploads\/2023\/10\/Asset-1icon-tab.png\" class=\"attachment-full size-full wp-image-3717\" alt=\"\" srcset=\"https:\/\/asociacionpasmo.org\/wp-content\/uploads\/2023\/10\/Asset-1icon-tab.png 473w, https:\/\/asociacionpasmo.org\/wp-content\/uploads\/2023\/10\/Asset-1icon-tab-300x249.png 300w, https:\/\/asociacionpasmo.org\/wp-content\/uploads\/2023\/10\/Asset-1icon-tab-14x12.png 14w\" sizes=\"(max-width: 473px) 100vw, 473px\" \/>\t\t\t\t\t\t\t\t\t\t\t\t\t\t\t<\/div>\n\t\t\t\t<\/div>\n\t\t\t\t<div class=\"elementor-element elementor-element-1e7ad99 elementor-widget elementor-widget-heading\" data-id=\"1e7ad99\" data-element_type=\"widget\" data-widget_type=\"heading.default\">\n\t\t\t\t<div class=\"elementor-widget-container\">\n\t\t\t\t\t<h3 class=\"elementor-heading-title elementor-size-default\">Gobierno Corporativo\u200b<\/h3>\t\t\t\t<\/div>\n\t\t\t\t<\/div>\n\t\t\t\t<div class=\"elementor-element elementor-element-6290965 elementor-widget elementor-widget-text-editor\" data-id=\"6290965\" data-element_type=\"widget\" data-widget_type=\"text-editor.default\">\n\t\t\t\t<div class=\"elementor-widget-container\">\n\t\t\t\t\t\t\t\t\t<p>Asociaci\u00f3n PASMO cuenta con una Junta Directiva y Asamblea General de Asociados, trabajando por fortalecer la gobernanza de la asociaci\u00f3n y su desarrollo a futuro en beneficio de las poblaciones a quienes servimos. Para m\u00e1s informaci\u00f3n, lee nuestro Manual de Gobierno Corporativo.<\/p>\t\t\t\t\t\t\t\t<\/div>\n\t\t\t\t<\/div>\n\t\t\t\t<div class=\"elementor-element elementor-element-70758c9 elementor-align-center elementor-widget elementor-widget-button\" data-id=\"70758c9\" data-element_type=\"widget\" data-widget_type=\"button.default\">\n\t\t\t\t<div class=\"elementor-widget-container\">\n\t\t\t\t\t\t\t\t\t<div class=\"elementor-button-wrapper\">\n\t\t\t\t\t<a class=\"elementor-button elementor-button-link elementor-size-sm\" href=\"http:\/\/asociacionpasmo.org\/en\/nuestra-estructura\/#gobierrno-corporativo\">\n\t\t\t\t\t\t<span class=\"elementor-button-content-wrapper\">\n\t\t\t\t\t\t\t\t\t<span class=\"elementor-button-text\">Ver M\u00e1s<\/span>\n\t\t\t\t\t<\/span>\n\t\t\t\t\t<\/a>\n\t\t\t\t<\/div>\n\t\t\t\t\t\t\t\t<\/div>\n\t\t\t\t<\/div>\n\t\t\t\t\t<\/div>\n\t\t<\/div>\n\t\t\t\t<div class=\"elementor-column elementor-col-33 elementor-top-column elementor-element elementor-element-8b7573b\" data-id=\"8b7573b\" data-element_type=\"column\">\n\t\t\t<div class=\"elementor-widget-wrap elementor-element-populated\">\n\t\t\t\t\t\t<div class=\"elementor-element elementor-element-ef40519 elementor-widget elementor-widget-image\" data-id=\"ef40519\" data-element_type=\"widget\" data-widget_type=\"image.default\">\n\t\t\t\t<div class=\"elementor-widget-container\">\n\t\t\t\t\t\t\t\t\t\t\t\t\t\t\t<img decoding=\"async\" width=\"516\" height=\"373\" src=\"https:\/\/asociacionpasmo.org\/wp-content\/uploads\/2023\/10\/Asset-1icon-tab-2.png\" class=\"attachment-full size-full wp-image-3718\" alt=\"\" srcset=\"https:\/\/asociacionpasmo.org\/wp-content\/uploads\/2023\/10\/Asset-1icon-tab-2.png 516w, https:\/\/asociacionpasmo.org\/wp-content\/uploads\/2023\/10\/Asset-1icon-tab-2-300x217.png 300w, https:\/\/asociacionpasmo.org\/wp-content\/uploads\/2023\/10\/Asset-1icon-tab-2-18x12.png 18w\" sizes=\"(max-width: 516px) 100vw, 516px\" \/>\t\t\t\t\t\t\t\t\t\t\t\t\t\t\t<\/div>\n\t\t\t\t<\/div>\n\t\t\t\t<div class=\"elementor-element elementor-element-f490972 elementor-widget elementor-widget-heading\" data-id=\"f490972\" data-element_type=\"widget\" data-widget_type=\"heading.default\">\n\t\t\t\t<div class=\"elementor-widget-container\">\n\t\t\t\t\t<h3 class=\"elementor-heading-title elementor-size-default\">Our Structure<\/h3>\t\t\t\t<\/div>\n\t\t\t\t<\/div>\n\t\t\t\t<div class=\"elementor-element elementor-element-96c2fb1 elementor-widget elementor-widget-text-editor\" data-id=\"96c2fb1\" data-element_type=\"widget\" data-widget_type=\"text-editor.default\">\n\t\t\t\t<div class=\"elementor-widget-container\">\n\t\t\t\t\t\t\t\t\t<p>Apoyados por un equipo regional con sede en la Ciudad de Guatemala, hoy Asociaci\u00f3n PASMO cuenta con una red de organizaciones locales en cinco pa\u00edses de Centro Am\u00e9rica con alrededor de 110 colaboradores, consultores, y m\u00e1s de 100 socios del sector privado y p\u00fablico. Para m\u00e1s informaci\u00f3n, revisa nuestro Organigrama.<\/p>\t\t\t\t\t\t\t\t<\/div>\n\t\t\t\t<\/div>\n\t\t\t\t<div class=\"elementor-element elementor-element-18fc78f elementor-align-center elementor-widget elementor-widget-button\" data-id=\"18fc78f\" data-element_type=\"widget\" data-widget_type=\"button.default\">\n\t\t\t\t<div class=\"elementor-widget-container\">\n\t\t\t\t\t\t\t\t\t<div class=\"elementor-button-wrapper\">\n\t\t\t\t\t<a class=\"elementor-button elementor-button-link elementor-size-sm\" href=\"http:\/\/asociacionpasmo.org\/en\/nuestra-estructura\/#nuestra-estructura\">\n\t\t\t\t\t\t<span class=\"elementor-button-content-wrapper\">\n\t\t\t\t\t\t\t\t\t<span class=\"elementor-button-text\">Ver M\u00e1s<\/span>\n\t\t\t\t\t<\/span>\n\t\t\t\t\t<\/a>\n\t\t\t\t<\/div>\n\t\t\t\t\t\t\t\t<\/div>\n\t\t\t\t<\/div>\n\t\t\t\t\t<\/div>\n\t\t<\/div>\n\t\t\t\t<div class=\"elementor-column elementor-col-33 elementor-top-column elementor-element elementor-element-b4023b0\" data-id=\"b4023b0\" data-element_type=\"column\">\n\t\t\t<div class=\"elementor-widget-wrap elementor-element-populated\">\n\t\t\t\t\t\t<div class=\"elementor-element elementor-element-9a4172c elementor-widget elementor-widget-image\" data-id=\"9a4172c\" data-element_type=\"widget\" data-widget_type=\"image.default\">\n\t\t\t\t<div class=\"elementor-widget-container\">\n\t\t\t\t\t\t\t\t\t\t\t\t\t\t\t<img decoding=\"async\" width=\"420\" height=\"309\" src=\"https:\/\/asociacionpasmo.org\/wp-content\/uploads\/2023\/10\/Asset-1icon-tab-3.png\" class=\"attachment-full size-full wp-image-3719\" alt=\"\" srcset=\"https:\/\/asociacionpasmo.org\/wp-content\/uploads\/2023\/10\/Asset-1icon-tab-3.png 420w, https:\/\/asociacionpasmo.org\/wp-content\/uploads\/2023\/10\/Asset-1icon-tab-3-300x221.png 300w, https:\/\/asociacionpasmo.org\/wp-content\/uploads\/2023\/10\/Asset-1icon-tab-3-16x12.png 16w\" sizes=\"(max-width: 420px) 100vw, 420px\" \/>\t\t\t\t\t\t\t\t\t\t\t\t\t\t\t<\/div>\n\t\t\t\t<\/div>\n\t\t\t\t<div class=\"elementor-element elementor-element-437e10d elementor-widget elementor-widget-heading\" data-id=\"437e10d\" data-element_type=\"widget\" data-widget_type=\"heading.default\">\n\t\t\t\t<div class=\"elementor-widget-container\">\n\t\t\t\t\t<h3 class=\"elementor-heading-title elementor-size-default\">Solidez Financiera<\/h3>\t\t\t\t<\/div>\n\t\t\t\t<\/div>\n\t\t\t\t<div class=\"elementor-element elementor-element-dd760e0 elementor-widget elementor-widget-text-editor\" data-id=\"dd760e0\" data-element_type=\"widget\" data-widget_type=\"text-editor.default\">\n\t\t\t\t<div class=\"elementor-widget-container\">\n\t\t\t\t\t\t\t\t\t<p>Como parte de su Plan Estrat\u00e9gico 2021-2025, bajo el pilar de Sostenibilidad, Asociaci\u00f3n PASMO tiene como objetivo estrat\u00e9gico garantizar la solidez financiera y administrativa de la organizaci\u00f3n. Como parte de esos esfuerzos, nuestra asociaci\u00f3n ha participado en ejercicios de auditor\u00edas externas.<\/p>\t\t\t\t\t\t\t\t<\/div>\n\t\t\t\t<\/div>\n\t\t\t\t<div class=\"elementor-element elementor-element-fc60e6c elementor-align-center elementor-widget elementor-widget-button\" data-id=\"fc60e6c\" data-element_type=\"widget\" data-widget_type=\"button.default\">\n\t\t\t\t<div class=\"elementor-widget-container\">\n\t\t\t\t\t\t\t\t\t<div class=\"elementor-button-wrapper\">\n\t\t\t\t\t<a class=\"elementor-button elementor-button-link elementor-size-sm\" href=\"http:\/\/asociacionpasmo.org\/en\/nuestra-estructura\/#solidez-financiera\">\n\t\t\t\t\t\t<span class=\"elementor-button-content-wrapper\">\n\t\t\t\t\t\t\t\t\t<span class=\"elementor-button-text\">Ver M\u00e1s<\/span>\n\t\t\t\t\t<\/span>\n\t\t\t\t\t<\/a>\n\t\t\t\t<\/div>\n\t\t\t\t\t\t\t\t<\/div>\n\t\t\t\t<\/div>\n\t\t\t\t\t<\/div>\n\t\t<\/div>\n\t\t\t\t\t<\/div>\n\t\t<\/section>\n\t\t\t\t<\/div>","protected":false},"excerpt":{"rendered":"<p>Nuestra Estructura Con m\u00e1s de 25 a\u00f1os de presencia en Centroam\u00e9rica, Asociaci\u00f3n PASMO cuenta con un plan de gobernanza y una robusta estructura organizacional a nivel regional y local. Conoce m\u00e1s de nuestro trabajo y contribuci\u00f3n a mejorar vidas centroamericanas. M\u00e1s Informaci\u00f3n Gobierno Corporativo\u200b Asociaci\u00f3n PASMO cuenta con una Junta Directiva y Asamblea General de&#8230;<\/p>","protected":false},"author":7,"featured_media":0,"parent":0,"menu_order":0,"comment_status":"closed","ping_status":"closed","template":"","meta":{"_kad_post_transparent":"default","_kad_post_title":"hide","_kad_post_layout":"fullwidth","_kad_post_sidebar_id":"","_kad_post_content_style":"unboxed","_kad_post_vertical_padding":"hide","_kad_post_feature":"hide","_kad_post_feature_position":"","_kad_post_header":false,"_kad_post_footer":false,"footnotes":""},"class_list":["post-3698","page","type-page","status-publish","hentry"],"yoast_head":"<!-- This site is optimized with the Yoast SEO plugin v26.4 - https:\/\/yoast.com\/wordpress\/plugins\/seo\/ -->\n<title>Nuestra Estructura Inicio - Asociaci\u00f3n Pasmo<\/title>\n<meta name=\"robots\" content=\"index, follow, max-snippet:-1, max-image-preview:large, max-video-preview:-1\" \/>\n<link rel=\"canonical\" href=\"https:\/\/asociacionpasmo.org\/en\/nuestra-estructura-inicio\/\" \/>\n<meta property=\"og:locale\" content=\"en_US\" \/>\n<meta property=\"og:type\" content=\"article\" \/>\n<meta property=\"og:title\" content=\"Nuestra Estructura Inicio - Asociaci\u00f3n Pasmo\" \/>\n<meta property=\"og:description\" content=\"Nuestra Estructura Con m\u00e1s de 25 a\u00f1os de presencia en Centroam\u00e9rica, Asociaci\u00f3n PASMO cuenta con un plan de gobernanza y una robusta estructura organizacional a nivel regional y local. Conoce m\u00e1s de nuestro trabajo y contribuci\u00f3n a mejorar vidas centroamericanas. M\u00e1s Informaci\u00f3n Gobierno Corporativo\u200b Asociaci\u00f3n PASMO cuenta con una Junta Directiva y Asamblea General de...\" \/>\n<meta property=\"og:url\" content=\"https:\/\/asociacionpasmo.org\/en\/nuestra-estructura-inicio\/\" \/>\n<meta property=\"og:site_name\" content=\"Asociaci\u00f3n Pasmo\" \/>\n<meta property=\"article:modified_time\" content=\"2023-11-02T15:41:13+00:00\" \/>\n<meta property=\"og:image\" content=\"http:\/\/asociacionpasmo.org\/wp-content\/uploads\/2023\/10\/Asset-1icon-tab.png\" \/>\n<meta name=\"twitter:card\" content=\"summary_large_image\" \/>\n<meta name=\"twitter:label1\" content=\"Est. reading time\" \/>\n\t<meta name=\"twitter:data1\" content=\"1 minute\" \/>\n<!-- \/ Yoast SEO plugin. -->","yoast_head_json":{"title":"Nuestra Estructura Inicio - Asociaci\u00f3n Pasmo","robots":{"index":"index","follow":"follow","max-snippet":"max-snippet:-1","max-image-preview":"max-image-preview:large","max-video-preview":"max-video-preview:-1"},"canonical":"https:\/\/asociacionpasmo.org\/en\/nuestra-estructura-inicio\/","og_locale":"en_US","og_type":"article","og_title":"Nuestra Estructura Inicio - Asociaci\u00f3n Pasmo","og_description":"Nuestra Estructura Con m\u00e1s de 25 a\u00f1os de presencia en Centroam\u00e9rica, Asociaci\u00f3n PASMO cuenta con un plan de gobernanza y una robusta estructura organizacional a nivel regional y local. Conoce m\u00e1s de nuestro trabajo y contribuci\u00f3n a mejorar vidas centroamericanas. M\u00e1s Informaci\u00f3n Gobierno Corporativo\u200b Asociaci\u00f3n PASMO cuenta con una Junta Directiva y Asamblea General de...","og_url":"https:\/\/asociacionpasmo.org\/en\/nuestra-estructura-inicio\/","og_site_name":"Asociaci\u00f3n Pasmo","article_modified_time":"2023-11-02T15:41:13+00:00","og_image":[{"url":"http:\/\/asociacionpasmo.org\/wp-content\/uploads\/2023\/10\/Asset-1icon-tab.png","type":"","width":"","height":""}],"twitter_card":"summary_large_image","twitter_misc":{"Est. reading time":"1 minute"},"schema":{"@context":"https:\/\/schema.org","@graph":[{"@type":"WebPage","@id":"https:\/\/asociacionpasmo.org\/en\/nuestra-estructura-inicio\/","url":"https:\/\/asociacionpasmo.org\/en\/nuestra-estructura-inicio\/","name":"Nuestra Estructura Inicio - Asociaci\u00f3n Pasmo","isPartOf":{"@id":"http:\/\/asociacionpasmo.org\/#website"},"primaryImageOfPage":{"@id":"https:\/\/asociacionpasmo.org\/en\/nuestra-estructura-inicio\/#primaryimage"},"image":{"@id":"https:\/\/asociacionpasmo.org\/en\/nuestra-estructura-inicio\/#primaryimage"},"thumbnailUrl":"http:\/\/asociacionpasmo.org\/wp-content\/uploads\/2023\/10\/Asset-1icon-tab.png","datePublished":"2023-10-12T00:54:26+00:00","dateModified":"2023-11-02T15:41:13+00:00","breadcrumb":{"@id":"https:\/\/asociacionpasmo.org\/en\/nuestra-estructura-inicio\/#breadcrumb"},"inLanguage":"en-US","potentialAction":[{"@type":"ReadAction","target":["https:\/\/asociacionpasmo.org\/en\/nuestra-estructura-inicio\/"]}]},{"@type":"ImageObject","inLanguage":"en-US","@id":"https:\/\/asociacionpasmo.org\/en\/nuestra-estructura-inicio\/#primaryimage","url":"http:\/\/asociacionpasmo.org\/wp-content\/uploads\/2023\/10\/Asset-1icon-tab.png","contentUrl":"http:\/\/asociacionpasmo.org\/wp-content\/uploads\/2023\/10\/Asset-1icon-tab.png"},{"@type":"BreadcrumbList","@id":"https:\/\/asociacionpasmo.org\/en\/nuestra-estructura-inicio\/#breadcrumb","itemListElement":[{"@type":"ListItem","position":1,"name":"Portada","item":"http:\/\/asociacionpasmo.org\/"},{"@type":"ListItem","position":2,"name":"Nuestra Estructura Inicio"}]},{"@type":"WebSite","@id":"http:\/\/asociacionpasmo.org\/#website","url":"http:\/\/asociacionpasmo.org\/","name":"Asociaci\u00f3n Pasmo","description":"","potentialAction":[{"@type":"SearchAction","target":{"@type":"EntryPoint","urlTemplate":"http:\/\/asociacionpasmo.org\/?s={search_term_string}"},"query-input":{"@type":"PropertyValueSpecification","valueRequired":true,"valueName":"search_term_string"}}],"inLanguage":"en-US"}]}},"_links":{"self":[{"href":"http:\/\/asociacionpasmo.org\/en\/wp-json\/wp\/v2\/pages\/3698","targetHints":{"allow":["GET"]}}],"collection":[{"href":"http:\/\/asociacionpasmo.org\/en\/wp-json\/wp\/v2\/pages"}],"about":[{"href":"http:\/\/asociacionpasmo.org\/en\/wp-json\/wp\/v2\/types\/page"}],"author":[{"embeddable":true,"href":"http:\/\/asociacionpasmo.org\/en\/wp-json\/wp\/v2\/users\/7"}],"replies":[{"embeddable":true,"href":"http:\/\/asociacionpasmo.org\/en\/wp-json\/wp\/v2\/comments?post=3698"}],"version-history":[{"count":5,"href":"http:\/\/asociacionpasmo.org\/en\/wp-json\/wp\/v2\/pages\/3698\/revisions"}],"predecessor-version":[{"id":4314,"href":"http:\/\/asociacionpasmo.org\/en\/wp-json\/wp\/v2\/pages\/3698\/revisions\/4314"}],"wp:attachment":[{"href":"http:\/\/asociacionpasmo.org\/en\/wp-json\/wp\/v2\/media?parent=3698"}],"curies":[{"name":"wp","href":"https:\/\/api.w.org\/{rel}","templated":true}]}}