{"id":3679,"date":"2023-10-11T20:39:34","date_gmt":"2023-10-12T02:39:34","guid":{"rendered":"https:\/\/asociacionpasmo.org\/?page_id=3679"},"modified":"2023-11-10T10:34:49","modified_gmt":"2023-11-10T16:34:49","slug":"nuestra-estructura","status":"publish","type":"page","link":"http:\/\/asociacionpasmo.org\/en\/nuestra-estructura\/","title":{"rendered":"Our Structure"},"content":{"rendered":"<div data-elementor-type=\"wp-page\" data-elementor-id=\"3679\" class=\"elementor elementor-3679\" data-elementor-post-type=\"page\">\n\t\t\t\t\t\t<section class=\"elementor-section elementor-top-section elementor-element elementor-element-6d8335e elementor-section-full_width elementor-section-height-default elementor-section-height-default\" data-id=\"6d8335e\" data-element_type=\"section\" data-settings=\"{&quot;background_background&quot;:&quot;classic&quot;}\">\n\t\t\t\t\t\t<div class=\"elementor-container elementor-column-gap-default\">\n\t\t\t\t\t<div class=\"elementor-column elementor-col-100 elementor-top-column elementor-element elementor-element-37ae122\" data-id=\"37ae122\" data-element_type=\"column\">\n\t\t\t<div class=\"elementor-widget-wrap elementor-element-populated\">\n\t\t\t\t\t\t<div class=\"elementor-element elementor-element-3dc492c elementor-widget elementor-widget-heading\" data-id=\"3dc492c\" data-element_type=\"widget\" data-widget_type=\"heading.default\">\n\t\t\t\t<div class=\"elementor-widget-container\">\n\t\t\t\t\t<h2 class=\"elementor-heading-title elementor-size-default\">Our <strong>Estructura<\/strong><\/h2>\t\t\t\t<\/div>\n\t\t\t\t<\/div>\n\t\t\t\t<div class=\"elementor-element elementor-element-5adaf4a elementor-widget elementor-widget-text-editor\" data-id=\"5adaf4a\" data-element_type=\"widget\" data-widget_type=\"text-editor.default\">\n\t\t\t\t<div class=\"elementor-widget-container\">\n\t\t\t\t\t\t\t\t\t<p>Con m\u00e1s de 25 a\u00f1os de presencia en Centroam\u00e9rica, Asociaci\u00f3n PASMO cuenta con un plan de gobernanza y una robusta estructura organizacional a nivel regional y local. <br \/>Conoce m\u00e1s de nuestro trabajo y contribuci\u00f3n a mejorar vidas centroamericanas.<\/p>\t\t\t\t\t\t\t\t<\/div>\n\t\t\t\t<\/div>\n\t\t\t\t<div class=\"elementor-element elementor-element-81709fc elementor-align-center elementor-widget elementor-widget-button\" data-id=\"81709fc\" data-element_type=\"widget\" data-widget_type=\"button.default\">\n\t\t\t\t<div class=\"elementor-widget-container\">\n\t\t\t\t\t\t\t\t\t<div class=\"elementor-button-wrapper\">\n\t\t\t\t\t<a class=\"elementor-button elementor-button-link elementor-size-sm\" href=\"#\">\n\t\t\t\t\t\t<span class=\"elementor-button-content-wrapper\">\n\t\t\t\t\t\t\t\t\t<span class=\"elementor-button-text\">Learn more<\/span>\n\t\t\t\t\t<\/span>\n\t\t\t\t\t<\/a>\n\t\t\t\t<\/div>\n\t\t\t\t\t\t\t\t<\/div>\n\t\t\t\t<\/div>\n\t\t\t\t\t<\/div>\n\t\t<\/div>\n\t\t\t\t\t<\/div>\n\t\t<\/section>\n\t\t\t\t<section class=\"elementor-section elementor-top-section elementor-element elementor-element-0ab3e86 elementor-section-boxed elementor-section-height-default elementor-section-height-default\" data-id=\"0ab3e86\" data-element_type=\"section\">\n\t\t\t\t\t\t<div class=\"elementor-container elementor-column-gap-default\">\n\t\t\t\t\t<div class=\"elementor-column elementor-col-100 elementor-top-column elementor-element elementor-element-1c45ad8\" data-id=\"1c45ad8\" data-element_type=\"column\">\n\t\t\t<div class=\"elementor-widget-wrap elementor-element-populated\">\n\t\t\t\t\t\t<div class=\"elementor-element elementor-element-5c948c3 elementor-align-left elementor-widget elementor-widget-button\" data-id=\"5c948c3\" data-element_type=\"widget\" data-widget_type=\"button.default\">\n\t\t\t\t<div class=\"elementor-widget-container\">\n\t\t\t\t\t\t\t\t\t<div class=\"elementor-button-wrapper\">\n\t\t\t\t\t<a class=\"elementor-button elementor-button-link elementor-size-sm\" href=\"http:\/\/asociacionpasmo.org\/en\/nuestra-estructura-inicio\/\">\n\t\t\t\t\t\t<span class=\"elementor-button-content-wrapper\">\n\t\t\t\t\t\t<span class=\"elementor-button-icon\">\n\t\t\t\t<i aria-hidden=\"true\" class=\"far fa-arrow-alt-circle-left\"><\/i>\t\t\t<\/span>\n\t\t\t\t\t\t\t\t\t<span class=\"elementor-button-text\">Regresar<\/span>\n\t\t\t\t\t<\/span>\n\t\t\t\t\t<\/a>\n\t\t\t\t<\/div>\n\t\t\t\t\t\t\t\t<\/div>\n\t\t\t\t<\/div>\n\t\t\t\t\t<\/div>\n\t\t<\/div>\n\t\t\t\t\t<\/div>\n\t\t<\/section>\n\t\t\t\t<section class=\"elementor-section elementor-top-section elementor-element elementor-element-80115f0 elementor-section-boxed elementor-section-height-default elementor-section-height-default\" data-id=\"80115f0\" data-element_type=\"section\">\n\t\t\t\t\t\t<div class=\"elementor-container elementor-column-gap-default\">\n\t\t\t\t\t<div class=\"elementor-column elementor-col-100 elementor-top-column elementor-element elementor-element-8aec036\" data-id=\"8aec036\" data-element_type=\"column\">\n\t\t\t<div class=\"elementor-widget-wrap\">\n\t\t\t\t\t\t\t<\/div>\n\t\t<\/div>\n\t\t\t\t\t<\/div>\n\t\t<\/section>\n\t\t\t\t<section class=\"elementor-section elementor-top-section elementor-element elementor-element-2b59cea elementor-section-boxed elementor-section-height-default elementor-section-height-default\" data-id=\"2b59cea\" data-element_type=\"section\">\n\t\t\t\t\t\t<div class=\"elementor-container elementor-column-gap-default\">\n\t\t\t\t\t<div class=\"elementor-column elementor-col-100 elementor-top-column elementor-element elementor-element-f29c961\" data-id=\"f29c961\" data-element_type=\"column\">\n\t\t\t<div class=\"elementor-widget-wrap elementor-element-populated\">\n\t\t\t\t\t\t<div class=\"elementor-element elementor-element-4583fe9 estructura-tabs elementor-widget elementor-widget-eael-adv-tabs\" data-id=\"4583fe9\" data-element_type=\"widget\" data-widget_type=\"eael-adv-tabs.default\">\n\t\t\t\t<div class=\"elementor-widget-container\">\n\t\t\t\t\t        <div data-scroll-on-click=\"no\" data-scroll-speed=\"300\" id=\"eael-advance-tabs-4583fe9\" class=\"eael-advance-tabs eael-tabs-horizontal eael-tab-auto-active\" data-tabid=\"4583fe9\">\n            <div class=\"eael-tabs-nav\">\n                <ul class=\"eael-tab-inline-icon\" role=\"tablist\">\n                                            <li id=\"gobierno-corporativo\" class=\"inactive eael-tab-item-trigger eael-tab-nav-item\" aria-selected=\"true\" data-tab=\"1\" role=\"tab\" tabindex=\"0\" aria-controls=\"gobierno-corporativo-tab\" aria-expanded=\"false\">\n                            \n                                                                <img decoding=\"async\" src=\"http:\/\/asociacionpasmo.org\/wp-content\/uploads\/2023\/10\/Asset-1icon-tab.png\" alt=\"\">\n                                                            \n                                                            <h3 class=\"eael-tab-title title-after-icon\" >Gobierno Corporativo<\/h3>                            \n                                                    <\/li>\n                                            <li id=\"nuestra-estructura\" class=\"inactive eael-tab-item-trigger eael-tab-nav-item\" aria-selected=\"false\" data-tab=\"2\" role=\"tab\" tabindex=\"-1\" aria-controls=\"nuestra-estructura-tab\" aria-expanded=\"false\">\n                            \n                                                                <img decoding=\"async\" src=\"http:\/\/asociacionpasmo.org\/wp-content\/uploads\/2023\/10\/Asset-1icon-tab-2.png\" alt=\"\">\n                                                            \n                                                            <h3 class=\"eael-tab-title title-after-icon\" >Our Structure<\/h3>                            \n                                                    <\/li>\n                                            <li id=\"solidez-financiera\" class=\"inactive eael-tab-item-trigger eael-tab-nav-item\" aria-selected=\"false\" data-tab=\"3\" role=\"tab\" tabindex=\"-1\" aria-controls=\"solidez-financiera-tab\" aria-expanded=\"false\">\n                            \n                                                                <img decoding=\"async\" src=\"http:\/\/asociacionpasmo.org\/wp-content\/uploads\/2023\/10\/Asset-1icon-tab-3.png\" alt=\"\">\n                                                            \n                                                            <h3 class=\"eael-tab-title title-after-icon\" >Solidez Financiera<\/h3>                            \n                                                    <\/li>\n                    \n                                  <\/ul>\n            <\/div>\n            \n            <div class=\"eael-tabs-content\">\n\t\t        \n                    <div id=\"gobierno-corporativo-tab\" class=\"clearfix eael-tab-content-item inactive\" data-title-link=\"gobierno-corporativo-tab\">\n\t\t\t\t        <p><\/p>                    <\/div>\n\t\t        \n                    <div id=\"nuestra-estructura-tab\" class=\"clearfix eael-tab-content-item inactive\" data-title-link=\"nuestra-estructura-tab\">\n\t\t\t\t        <p><\/p>                    <\/div>\n\t\t        \n                    <div id=\"solidez-financiera-tab\" class=\"clearfix eael-tab-content-item inactive\" data-title-link=\"solidez-financiera-tab\">\n\t\t\t\t        <p><\/p>                    <\/div>\n\t\t                    <\/div>\n        <\/div>\n\t\t\t\t<\/div>\n\t\t\t\t<\/div>\n\t\t\t\t<div class=\"elementor-element elementor-element-4265c97 elementor-tabs-alignment-center elementor-hidden-desktop elementor-hidden-tablet elementor-hidden-mobile elementor-tabs-view-horizontal elementor-widget elementor-widget-tabs\" data-id=\"4265c97\" data-element_type=\"widget\" data-widget_type=\"tabs.default\">\n\t\t\t\t<div class=\"elementor-widget-container\">\n\t\t\t\t\t\t\t<div class=\"elementor-tabs\">\n\t\t\t<div class=\"elementor-tabs-wrapper\" role=\"tablist\" >\n\t\t\t\t\t\t\t\t\t<div id=\"elementor-tab-title-6961\" class=\"elementor-tab-title elementor-tab-desktop-title\" aria-selected=\"true\" data-tab=\"1\" role=\"tab\" tabindex=\"0\" aria-controls=\"elementor-tab-content-6961\" aria-expanded=\"false\">Gobierno Corporativo<\/div>\n\t\t\t\t\t\t\t\t\t<div id=\"elementor-tab-title-6962\" class=\"elementor-tab-title elementor-tab-desktop-title\" aria-selected=\"false\" data-tab=\"2\" role=\"tab\" tabindex=\"-1\" aria-controls=\"elementor-tab-content-6962\" aria-expanded=\"false\">Our Structure<\/div>\n\t\t\t\t\t\t\t\t\t<div id=\"elementor-tab-title-6963\" class=\"elementor-tab-title elementor-tab-desktop-title\" aria-selected=\"false\" data-tab=\"3\" role=\"tab\" tabindex=\"-1\" aria-controls=\"elementor-tab-content-6963\" aria-expanded=\"false\">Solidez Financiera<\/div>\n\t\t\t\t\t\t\t<\/div>\n\t\t\t<div class=\"elementor-tabs-content-wrapper\" role=\"tablist\" aria-orientation=\"vertical\">\n\t\t\t\t\t\t\t\t\t<div class=\"elementor-tab-title elementor-tab-mobile-title\" aria-selected=\"true\" data-tab=\"1\" role=\"tab\" tabindex=\"0\" aria-controls=\"elementor-tab-content-6961\" aria-expanded=\"false\">Gobierno Corporativo<\/div>\n\t\t\t\t\t<div id=\"elementor-tab-content-6961\" class=\"elementor-tab-content elementor-clearfix\" data-tab=\"1\" role=\"tabpanel\" aria-labelledby=\"elementor-tab-title-6961\" tabindex=\"0\" hidden=\"false\"><p><\/p><\/div>\n\t\t\t\t\t\t\t\t\t<div class=\"elementor-tab-title elementor-tab-mobile-title\" aria-selected=\"false\" data-tab=\"2\" role=\"tab\" tabindex=\"-1\" aria-controls=\"elementor-tab-content-6962\" aria-expanded=\"false\">Our Structure<\/div>\n\t\t\t\t\t<div id=\"elementor-tab-content-6962\" class=\"elementor-tab-content elementor-clearfix\" data-tab=\"2\" role=\"tabpanel\" aria-labelledby=\"elementor-tab-title-6962\" tabindex=\"0\" hidden=\"hidden\"><p><\/p><\/div>\n\t\t\t\t\t\t\t\t\t<div class=\"elementor-tab-title elementor-tab-mobile-title\" aria-selected=\"false\" data-tab=\"3\" role=\"tab\" tabindex=\"-1\" aria-controls=\"elementor-tab-content-6963\" aria-expanded=\"false\">Solidez Financiera<\/div>\n\t\t\t\t\t<div id=\"elementor-tab-content-6963\" class=\"elementor-tab-content elementor-clearfix\" data-tab=\"3\" role=\"tabpanel\" aria-labelledby=\"elementor-tab-title-6963\" tabindex=\"0\" hidden=\"hidden\"><p><\/p><\/div>\n\t\t\t\t\t\t\t<\/div>\n\t\t<\/div>\n\t\t\t\t\t\t<\/div>\n\t\t\t\t<\/div>\n\t\t\t\t\t<\/div>\n\t\t<\/div>\n\t\t\t\t\t<\/div>\n\t\t<\/section>\n\t\t\t\t<\/div>","protected":false},"excerpt":{"rendered":"<p>Nuestra Estructura Con m\u00e1s de 25 a\u00f1os de presencia en Centroam\u00e9rica, Asociaci\u00f3n PASMO cuenta con un plan de gobernanza y una robusta estructura organizacional a nivel regional y local. Conoce m\u00e1s de nuestro trabajo y contribuci\u00f3n a mejorar vidas centroamericanas. M\u00e1s Informaci\u00f3n Regresar Gobierno Corporativo Nuestra Estructura Solidez Financiera Asociaci\u00f3n PASMO cuenta con una Junta&#8230;<\/p>","protected":false},"author":7,"featured_media":0,"parent":0,"menu_order":0,"comment_status":"closed","ping_status":"closed","template":"","meta":{"_kad_post_transparent":"default","_kad_post_title":"hide","_kad_post_layout":"fullwidth","_kad_post_sidebar_id":"","_kad_post_content_style":"unboxed","_kad_post_vertical_padding":"hide","_kad_post_feature":"hide","_kad_post_feature_position":"","_kad_post_header":false,"_kad_post_footer":false,"footnotes":""},"class_list":["post-3679","page","type-page","status-publish","hentry"],"yoast_head":"<!-- This site is optimized with the Yoast SEO plugin v26.4 - https:\/\/yoast.com\/wordpress\/plugins\/seo\/ -->\n<title>Nuestra Estructura - Asociaci\u00f3n Pasmo Estructura Organizacional<\/title>\n<meta name=\"description\" content=\"Con m\u00e1s de 25 a\u00f1os de presencia en Centroam\u00e9rica, Asociaci\u00f3n PASMO cuenta con un plan de gobernanza y una robusta estructura organizacional a nivel regional y local.Conoce m\u00e1s de nuestro trabajo y contribuci\u00f3n a mejorar vidas centroamericanas.\" \/>\n<meta name=\"robots\" content=\"index, follow, max-snippet:-1, max-image-preview:large, max-video-preview:-1\" \/>\n<link rel=\"canonical\" href=\"https:\/\/asociacionpasmo.org\/en\/nuestra-estructura\/\" \/>\n<meta property=\"og:locale\" content=\"en_US\" \/>\n<meta property=\"og:type\" content=\"article\" \/>\n<meta property=\"og:title\" content=\"Nuestra Estructura\" \/>\n<meta property=\"og:description\" content=\"Con m\u00e1s de 25 a\u00f1os de presencia en Centroam\u00e9rica, Asociaci\u00f3n PASMO cuenta con un plan de gobernanza y una robusta estructura organizacional a nivel regional y local.Conoce m\u00e1s de nuestro trabajo y contribuci\u00f3n a mejorar vidas centroamericanas.\" \/>\n<meta property=\"og:url\" content=\"https:\/\/asociacionpasmo.org\/en\/nuestra-estructura\/\" \/>\n<meta property=\"og:site_name\" content=\"Asociaci\u00f3n Pasmo\" \/>\n<meta property=\"article:modified_time\" content=\"2023-11-10T16:34:49+00:00\" \/>\n<meta property=\"og:image\" content=\"https:\/\/asociacionpasmo.org\/wp-content\/uploads\/2023\/09\/FxAO-wUWwAMQTLb-1.jpg\" \/>\n\t<meta property=\"og:image:width\" content=\"2048\" \/>\n\t<meta property=\"og:image:height\" content=\"1536\" \/>\n\t<meta property=\"og:image:type\" content=\"image\/jpeg\" \/>\n<meta name=\"twitter:card\" content=\"summary_large_image\" \/>\n<meta name=\"twitter:title\" content=\"Nuestra Estructura\" \/>\n<meta name=\"twitter:description\" content=\"Con m\u00e1s de 25 a\u00f1os de presencia en Centroam\u00e9rica, Asociaci\u00f3n PASMO cuenta con un plan de gobernanza y una robusta estructura organizacional a nivel regional y local.Conoce m\u00e1s de nuestro trabajo y contribuci\u00f3n a mejorar vidas centroamericanas.\" \/>\n<meta name=\"twitter:image\" content=\"http:\/\/asociacionpasmo.org\/wp-content\/uploads\/2023\/09\/FxAO-wUWwAMQTLb-1.jpg\" \/>\n<meta name=\"twitter:label1\" content=\"Est. reading time\" \/>\n\t<meta name=\"twitter:data1\" content=\"13 minutes\" \/>\n<!-- \/ Yoast SEO plugin. -->","yoast_head_json":{"title":"Nuestra Estructura - Asociaci\u00f3n Pasmo Estructura Organizacional","description":"Con m\u00e1s de 25 a\u00f1os de presencia en Centroam\u00e9rica, Asociaci\u00f3n PASMO cuenta con un plan de gobernanza y una robusta estructura organizacional a nivel regional y local.Conoce m\u00e1s de nuestro trabajo y contribuci\u00f3n a mejorar vidas centroamericanas.","robots":{"index":"index","follow":"follow","max-snippet":"max-snippet:-1","max-image-preview":"max-image-preview:large","max-video-preview":"max-video-preview:-1"},"canonical":"https:\/\/asociacionpasmo.org\/en\/nuestra-estructura\/","og_locale":"en_US","og_type":"article","og_title":"Nuestra Estructura","og_description":"Con m\u00e1s de 25 a\u00f1os de presencia en Centroam\u00e9rica, Asociaci\u00f3n PASMO cuenta con un plan de gobernanza y una robusta estructura organizacional a nivel regional y local.Conoce m\u00e1s de nuestro trabajo y contribuci\u00f3n a mejorar vidas centroamericanas.","og_url":"https:\/\/asociacionpasmo.org\/en\/nuestra-estructura\/","og_site_name":"Asociaci\u00f3n Pasmo","article_modified_time":"2023-11-10T16:34:49+00:00","og_image":[{"width":2048,"height":1536,"url":"https:\/\/asociacionpasmo.org\/wp-content\/uploads\/2023\/09\/FxAO-wUWwAMQTLb-1.jpg","type":"image\/jpeg"}],"twitter_card":"summary_large_image","twitter_title":"Nuestra Estructura","twitter_description":"Con m\u00e1s de 25 a\u00f1os de presencia en Centroam\u00e9rica, Asociaci\u00f3n PASMO cuenta con un plan de gobernanza y una robusta estructura organizacional a nivel regional y local.Conoce m\u00e1s de nuestro trabajo y contribuci\u00f3n a mejorar vidas centroamericanas.","twitter_image":"http:\/\/asociacionpasmo.org\/wp-content\/uploads\/2023\/09\/FxAO-wUWwAMQTLb-1.jpg","twitter_misc":{"Est. reading time":"13 minutes"},"schema":{"@context":"https:\/\/schema.org","@graph":[{"@type":"WebPage","@id":"https:\/\/asociacionpasmo.org\/nuestra-estructura\/","url":"https:\/\/asociacionpasmo.org\/nuestra-estructura\/","name":"Nuestra Estructura - Asociaci\u00f3n Pasmo Estructura Organizacional","isPartOf":{"@id":"http:\/\/asociacionpasmo.org\/#website"},"primaryImageOfPage":{"@id":"https:\/\/asociacionpasmo.org\/nuestra-estructura\/#primaryimage"},"image":{"@id":"https:\/\/asociacionpasmo.org\/nuestra-estructura\/#primaryimage"},"thumbnailUrl":"http:\/\/asociacionpasmo.org\/wp-content\/uploads\/2023\/10\/Asset-1icon-tab.png","datePublished":"2023-10-12T02:39:34+00:00","dateModified":"2023-11-10T16:34:49+00:00","description":"Con m\u00e1s de 25 a\u00f1os de presencia en Centroam\u00e9rica, Asociaci\u00f3n PASMO cuenta con un plan de gobernanza y una robusta estructura organizacional a nivel regional y local.Conoce m\u00e1s de nuestro trabajo y contribuci\u00f3n a mejorar vidas centroamericanas.","breadcrumb":{"@id":"https:\/\/asociacionpasmo.org\/nuestra-estructura\/#breadcrumb"},"inLanguage":"en-US","potentialAction":[{"@type":"ReadAction","target":["https:\/\/asociacionpasmo.org\/nuestra-estructura\/"]}]},{"@type":"ImageObject","inLanguage":"en-US","@id":"https:\/\/asociacionpasmo.org\/nuestra-estructura\/#primaryimage","url":"http:\/\/asociacionpasmo.org\/wp-content\/uploads\/2023\/10\/Asset-1icon-tab.png","contentUrl":"http:\/\/asociacionpasmo.org\/wp-content\/uploads\/2023\/10\/Asset-1icon-tab.png"},{"@type":"BreadcrumbList","@id":"https:\/\/asociacionpasmo.org\/nuestra-estructura\/#breadcrumb","itemListElement":[{"@type":"ListItem","position":1,"name":"Portada","item":"http:\/\/asociacionpasmo.org\/"},{"@type":"ListItem","position":2,"name":"Nuestra Estructura"}]},{"@type":"WebSite","@id":"http:\/\/asociacionpasmo.org\/#website","url":"http:\/\/asociacionpasmo.org\/","name":"Asociaci\u00f3n Pasmo","description":"","potentialAction":[{"@type":"SearchAction","target":{"@type":"EntryPoint","urlTemplate":"http:\/\/asociacionpasmo.org\/?s={search_term_string}"},"query-input":{"@type":"PropertyValueSpecification","valueRequired":true,"valueName":"search_term_string"}}],"inLanguage":"en-US"}]}},"_links":{"self":[{"href":"http:\/\/asociacionpasmo.org\/en\/wp-json\/wp\/v2\/pages\/3679","targetHints":{"allow":["GET"]}}],"collection":[{"href":"http:\/\/asociacionpasmo.org\/en\/wp-json\/wp\/v2\/pages"}],"about":[{"href":"http:\/\/asociacionpasmo.org\/en\/wp-json\/wp\/v2\/types\/page"}],"author":[{"embeddable":true,"href":"http:\/\/asociacionpasmo.org\/en\/wp-json\/wp\/v2\/users\/7"}],"replies":[{"embeddable":true,"href":"http:\/\/asociacionpasmo.org\/en\/wp-json\/wp\/v2\/comments?post=3679"}],"version-history":[{"count":6,"href":"http:\/\/asociacionpasmo.org\/en\/wp-json\/wp\/v2\/pages\/3679\/revisions"}],"predecessor-version":[{"id":4972,"href":"http:\/\/asociacionpasmo.org\/en\/wp-json\/wp\/v2\/pages\/3679\/revisions\/4972"}],"wp:attachment":[{"href":"http:\/\/asociacionpasmo.org\/en\/wp-json\/wp\/v2\/media?parent=3679"}],"curies":[{"name":"wp","href":"https:\/\/api.w.org\/{rel}","templated":true}]}}