{"id":2256,"date":"2022-04-08T21:39:04","date_gmt":"2022-04-09T03:39:04","guid":{"rendered":"http:\/\/asociacionpasmo.org\/?page_id=2256"},"modified":"2022-07-08T14:23:48","modified_gmt":"2022-07-08T20:23:48","slug":"lo-nuevo","status":"publish","type":"page","link":"http:\/\/asociacionpasmo.org\/en\/lo-nuevo\/","title":{"rendered":"Updates"},"content":{"rendered":"<div data-elementor-type=\"wp-page\" data-elementor-id=\"2256\" class=\"elementor elementor-2256\" data-elementor-post-type=\"page\">\n\t\t\t\t\t\t<section class=\"elementor-section elementor-top-section elementor-element elementor-element-9298c58 elementor-section-boxed elementor-section-height-default elementor-section-height-default\" data-id=\"9298c58\" data-element_type=\"section\">\n\t\t\t\t\t\t<div class=\"elementor-container elementor-column-gap-default\">\n\t\t\t\t\t<div class=\"elementor-column elementor-col-100 elementor-top-column elementor-element elementor-element-5ded5df\" data-id=\"5ded5df\" data-element_type=\"column\">\n\t\t\t<div class=\"elementor-widget-wrap elementor-element-populated\">\n\t\t\t\t\t\t<div class=\"elementor-element elementor-element-55c24e7 elementor-widget elementor-widget-spacer\" data-id=\"55c24e7\" data-element_type=\"widget\" data-widget_type=\"spacer.default\">\n\t\t\t\t<div class=\"elementor-widget-container\">\n\t\t\t\t\t\t\t<div class=\"elementor-spacer\">\n\t\t\t<div class=\"elementor-spacer-inner\"><\/div>\n\t\t<\/div>\n\t\t\t\t\t\t<\/div>\n\t\t\t\t<\/div>\n\t\t\t\t\t<\/div>\n\t\t<\/div>\n\t\t\t\t\t<\/div>\n\t\t<\/section>\n\t\t\t\t<section class=\"elementor-section elementor-top-section elementor-element elementor-element-bc376ea elementor-section-boxed elementor-section-height-default elementor-section-height-default\" data-id=\"bc376ea\" data-element_type=\"section\">\n\t\t\t\t\t\t<div class=\"elementor-container elementor-column-gap-default\">\n\t\t\t\t\t<div class=\"elementor-column elementor-col-50 elementor-top-column elementor-element elementor-element-2256362\" data-id=\"2256362\" data-element_type=\"column\">\n\t\t\t<div class=\"elementor-widget-wrap elementor-element-populated\">\n\t\t\t\t\t\t<div class=\"elementor-element elementor-element-19413fe e-transform elementor-widget elementor-widget-image\" data-id=\"19413fe\" data-element_type=\"widget\" data-settings=\"{&quot;_transform_rotateZ_effect&quot;:{&quot;unit&quot;:&quot;px&quot;,&quot;size&quot;:&quot;&quot;,&quot;sizes&quot;:[]},&quot;_transform_rotateZ_effect_tablet&quot;:{&quot;unit&quot;:&quot;deg&quot;,&quot;size&quot;:&quot;&quot;,&quot;sizes&quot;:[]},&quot;_transform_rotateZ_effect_mobile&quot;:{&quot;unit&quot;:&quot;deg&quot;,&quot;size&quot;:&quot;&quot;,&quot;sizes&quot;:[]}}\" data-widget_type=\"image.default\">\n\t\t\t\t<div class=\"elementor-widget-container\">\n\t\t\t\t\t\t\t\t\t\t\t\t\t\t\t<img fetchpriority=\"high\" decoding=\"async\" width=\"1068\" height=\"601\" src=\"http:\/\/asociacionpasmo.org\/wp-content\/uploads\/2022\/04\/lo-nuevo.svg\" class=\"attachment-full size-full wp-image-2258\" alt=\"\" \/>\t\t\t\t\t\t\t\t\t\t\t\t\t\t\t<\/div>\n\t\t\t\t<\/div>\n\t\t\t\t\t<\/div>\n\t\t<\/div>\n\t\t\t\t<div class=\"elementor-column elementor-col-50 elementor-top-column elementor-element elementor-element-8be0d0c\" data-id=\"8be0d0c\" data-element_type=\"column\">\n\t\t\t<div class=\"elementor-widget-wrap elementor-element-populated\">\n\t\t\t\t\t\t<div class=\"elementor-element elementor-element-1d61812 elementor-widget elementor-widget-text-editor\" data-id=\"1d61812\" data-element_type=\"widget\" data-widget_type=\"text-editor.default\">\n\t\t\t\t<div class=\"elementor-widget-container\">\n\t\t\t\t\t\t\t\t\t<p><span style=\"color: #c20f2f;\">\u00a0<\/span><span style=\"color: #c20f2f; letter-spacing: var( --e-global-typography-text-letter-spacing ); background-color: transparent;\">Recent <\/span><strong style=\"color: #c20f2f; letter-spacing: var( --e-global-typography-text-letter-spacing ); background-color: transparent;\">Updates<\/strong><\/p>\t\t\t\t\t\t\t\t<\/div>\n\t\t\t\t<\/div>\n\t\t\t\t<div class=\"elementor-element elementor-element-0f9e8c9 elementor-widget elementor-widget-text-editor\" data-id=\"0f9e8c9\" data-element_type=\"widget\" data-widget_type=\"text-editor.default\">\n\t\t\t\t<div class=\"elementor-widget-container\">\n\t\t\t\t\t\t\t\t\tLearn about our most recent activities, projects, initiatives, programs, and news at PASMO in Central America by following our social media posts.\t\t\t\t\t\t\t\t<\/div>\n\t\t\t\t<\/div>\n\t\t\t\t\t<\/div>\n\t\t<\/div>\n\t\t\t\t\t<\/div>\n\t\t<\/section>\n\t\t\t\t<section class=\"elementor-section elementor-top-section elementor-element elementor-element-fbea2cc elementor-section-boxed elementor-section-height-default elementor-section-height-default\" data-id=\"fbea2cc\" data-element_type=\"section\">\n\t\t\t\t\t\t<div class=\"elementor-container elementor-column-gap-default\">\n\t\t\t\t\t<div class=\"elementor-column elementor-col-100 elementor-top-column elementor-element elementor-element-9c63bde\" data-id=\"9c63bde\" data-element_type=\"column\">\n\t\t\t<div class=\"elementor-widget-wrap elementor-element-populated\">\n\t\t\t\t\t\t<div class=\"elementor-element elementor-element-f3aeef2 elementor-widget elementor-widget-spacer\" data-id=\"f3aeef2\" data-element_type=\"widget\" data-widget_type=\"spacer.default\">\n\t\t\t\t<div class=\"elementor-widget-container\">\n\t\t\t\t\t\t\t<div class=\"elementor-spacer\">\n\t\t\t<div class=\"elementor-spacer-inner\"><\/div>\n\t\t<\/div>\n\t\t\t\t\t\t<\/div>\n\t\t\t\t<\/div>\n\t\t\t\t\t<\/div>\n\t\t<\/div>\n\t\t\t\t\t<\/div>\n\t\t<\/section>\n\t\t\t\t<section class=\"elementor-section elementor-top-section elementor-element elementor-element-f92920c elementor-section-boxed elementor-section-height-default elementor-section-height-default\" data-id=\"f92920c\" data-element_type=\"section\">\n\t\t\t\t\t\t<div class=\"elementor-container elementor-column-gap-default\">\n\t\t\t\t\t<div class=\"elementor-column elementor-col-100 elementor-top-column elementor-element elementor-element-f30ce79\" data-id=\"f30ce79\" data-element_type=\"column\">\n\t\t\t<div class=\"elementor-widget-wrap elementor-element-populated\">\n\t\t\t\t\t\t<div class=\"elementor-element elementor-element-e900754 elementor-widget elementor-widget-html\" data-id=\"e900754\" data-element_type=\"widget\" data-widget_type=\"html.default\">\n\t\t\t\t<div class=\"elementor-widget-container\">\n\t\t\t\t\t[custom-facebook-feed feed=4]\t\t\t\t<\/div>\n\t\t\t\t<\/div>\n\t\t\t\t\t<\/div>\n\t\t<\/div>\n\t\t\t\t\t<\/div>\n\t\t<\/section>\n\t\t\t\t<section class=\"elementor-section elementor-top-section elementor-element elementor-element-9629eb6 elementor-section-boxed elementor-section-height-default elementor-section-height-default\" data-id=\"9629eb6\" data-element_type=\"section\">\n\t\t\t\t\t\t<div class=\"elementor-container elementor-column-gap-default\">\n\t\t\t\t\t<div class=\"elementor-column elementor-col-100 elementor-top-column elementor-element elementor-element-1f7089b\" data-id=\"1f7089b\" data-element_type=\"column\">\n\t\t\t<div class=\"elementor-widget-wrap elementor-element-populated\">\n\t\t\t\t\t\t<div class=\"elementor-element elementor-element-34ff253 elementor-widget elementor-widget-spacer\" data-id=\"34ff253\" data-element_type=\"widget\" data-widget_type=\"spacer.default\">\n\t\t\t\t<div class=\"elementor-widget-container\">\n\t\t\t\t\t\t\t<div class=\"elementor-spacer\">\n\t\t\t<div class=\"elementor-spacer-inner\"><\/div>\n\t\t<\/div>\n\t\t\t\t\t\t<\/div>\n\t\t\t\t<\/div>\n\t\t\t\t\t<\/div>\n\t\t<\/div>\n\t\t\t\t\t<\/div>\n\t\t<\/section>\n\t\t\t\t<\/div>","protected":false},"excerpt":{"rendered":"<p>\u00a0Lo nuevo Ent\u00e9rate de las actividades, proyectos, iniciativas, programas y noticias de Asociaci\u00f3n PASMO en Centroam\u00e9rica siguiendo nuestras publicaciones en redes sociales. [custom-facebook-feed feed=4]<\/p>","protected":false},"author":1,"featured_media":0,"parent":0,"menu_order":0,"comment_status":"closed","ping_status":"closed","template":"","meta":{"_kad_post_transparent":"default","_kad_post_title":"hide","_kad_post_layout":"fullwidth","_kad_post_sidebar_id":"","_kad_post_content_style":"unboxed","_kad_post_vertical_padding":"hide","_kad_post_feature":"hide","_kad_post_feature_position":"","_kad_post_header":false,"_kad_post_footer":false,"footnotes":""},"class_list":["post-2256","page","type-page","status-publish","hentry"],"yoast_head":"<!-- This site is optimized with the Yoast SEO plugin v26.4 - https:\/\/yoast.com\/wordpress\/plugins\/seo\/ -->\n<title>Lo nuevo - Asociaci\u00f3n Pasmo<\/title>\n<meta name=\"robots\" content=\"index, follow, max-snippet:-1, max-image-preview:large, max-video-preview:-1\" \/>\n<link rel=\"canonical\" href=\"http:\/\/asociacionpasmo.org\/en\/lo-nuevo\/\" \/>\n<meta property=\"og:locale\" content=\"en_US\" \/>\n<meta property=\"og:type\" content=\"article\" \/>\n<meta property=\"og:title\" content=\"Lo nuevo - Asociaci\u00f3n Pasmo\" \/>\n<meta property=\"og:description\" content=\"\u00a0Lo nuevo Ent\u00e9rate de las actividades, proyectos, iniciativas, programas y noticias de Asociaci\u00f3n PASMO en Centroam\u00e9rica siguiendo nuestras publicaciones en redes sociales. [custom-facebook-feed feed=4]\" \/>\n<meta property=\"og:url\" content=\"http:\/\/asociacionpasmo.org\/en\/lo-nuevo\/\" \/>\n<meta property=\"og:site_name\" content=\"Asociaci\u00f3n Pasmo\" \/>\n<meta property=\"article:modified_time\" content=\"2022-07-08T20:23:48+00:00\" \/>\n<meta property=\"og:image\" content=\"http:\/\/asociacionpasmo.org\/wp-content\/uploads\/2022\/04\/lo-nuevo.svg\" \/>\n<meta name=\"twitter:card\" content=\"summary_large_image\" \/>\n<!-- \/ Yoast SEO plugin. -->","yoast_head_json":{"title":"Lo nuevo - Asociaci\u00f3n Pasmo","robots":{"index":"index","follow":"follow","max-snippet":"max-snippet:-1","max-image-preview":"max-image-preview:large","max-video-preview":"max-video-preview:-1"},"canonical":"http:\/\/asociacionpasmo.org\/en\/lo-nuevo\/","og_locale":"en_US","og_type":"article","og_title":"Lo nuevo - Asociaci\u00f3n Pasmo","og_description":"\u00a0Lo nuevo Ent\u00e9rate de las actividades, proyectos, iniciativas, programas y noticias de Asociaci\u00f3n PASMO en Centroam\u00e9rica siguiendo nuestras publicaciones en redes sociales. [custom-facebook-feed feed=4]","og_url":"http:\/\/asociacionpasmo.org\/en\/lo-nuevo\/","og_site_name":"Asociaci\u00f3n Pasmo","article_modified_time":"2022-07-08T20:23:48+00:00","og_image":[{"url":"http:\/\/asociacionpasmo.org\/wp-content\/uploads\/2022\/04\/lo-nuevo.svg","type":"","width":"","height":""}],"twitter_card":"summary_large_image","schema":{"@context":"https:\/\/schema.org","@graph":[{"@type":"WebPage","@id":"http:\/\/asociacionpasmo.org\/en\/lo-nuevo\/","url":"http:\/\/asociacionpasmo.org\/en\/lo-nuevo\/","name":"Lo nuevo - Asociaci\u00f3n Pasmo","isPartOf":{"@id":"http:\/\/asociacionpasmo.org\/#website"},"primaryImageOfPage":{"@id":"http:\/\/asociacionpasmo.org\/en\/lo-nuevo\/#primaryimage"},"image":{"@id":"http:\/\/asociacionpasmo.org\/en\/lo-nuevo\/#primaryimage"},"thumbnailUrl":"http:\/\/asociacionpasmo.org\/wp-content\/uploads\/2022\/04\/lo-nuevo.svg","datePublished":"2022-04-09T03:39:04+00:00","dateModified":"2022-07-08T20:23:48+00:00","breadcrumb":{"@id":"http:\/\/asociacionpasmo.org\/en\/lo-nuevo\/#breadcrumb"},"inLanguage":"en-US","potentialAction":[{"@type":"ReadAction","target":["http:\/\/asociacionpasmo.org\/en\/lo-nuevo\/"]}]},{"@type":"ImageObject","inLanguage":"en-US","@id":"http:\/\/asociacionpasmo.org\/en\/lo-nuevo\/#primaryimage","url":"http:\/\/asociacionpasmo.org\/wp-content\/uploads\/2022\/04\/lo-nuevo.svg","contentUrl":"http:\/\/asociacionpasmo.org\/wp-content\/uploads\/2022\/04\/lo-nuevo.svg"},{"@type":"BreadcrumbList","@id":"http:\/\/asociacionpasmo.org\/en\/lo-nuevo\/#breadcrumb","itemListElement":[{"@type":"ListItem","position":1,"name":"Portada","item":"http:\/\/asociacionpasmo.org\/"},{"@type":"ListItem","position":2,"name":"Lo nuevo"}]},{"@type":"WebSite","@id":"http:\/\/asociacionpasmo.org\/#website","url":"http:\/\/asociacionpasmo.org\/","name":"Asociaci\u00f3n Pasmo","description":"","potentialAction":[{"@type":"SearchAction","target":{"@type":"EntryPoint","urlTemplate":"http:\/\/asociacionpasmo.org\/?s={search_term_string}"},"query-input":{"@type":"PropertyValueSpecification","valueRequired":true,"valueName":"search_term_string"}}],"inLanguage":"en-US"}]}},"_links":{"self":[{"href":"http:\/\/asociacionpasmo.org\/en\/wp-json\/wp\/v2\/pages\/2256","targetHints":{"allow":["GET"]}}],"collection":[{"href":"http:\/\/asociacionpasmo.org\/en\/wp-json\/wp\/v2\/pages"}],"about":[{"href":"http:\/\/asociacionpasmo.org\/en\/wp-json\/wp\/v2\/types\/page"}],"author":[{"embeddable":true,"href":"http:\/\/asociacionpasmo.org\/en\/wp-json\/wp\/v2\/users\/1"}],"replies":[{"embeddable":true,"href":"http:\/\/asociacionpasmo.org\/en\/wp-json\/wp\/v2\/comments?post=2256"}],"version-history":[{"count":5,"href":"http:\/\/asociacionpasmo.org\/en\/wp-json\/wp\/v2\/pages\/2256\/revisions"}],"predecessor-version":[{"id":3422,"href":"http:\/\/asociacionpasmo.org\/en\/wp-json\/wp\/v2\/pages\/2256\/revisions\/3422"}],"wp:attachment":[{"href":"http:\/\/asociacionpasmo.org\/en\/wp-json\/wp\/v2\/media?parent=2256"}],"curies":[{"name":"wp","href":"https:\/\/api.w.org\/{rel}","templated":true}]}}